{"id":32,"date":"2015-02-19T18:39:51","date_gmt":"2015-02-19T16:39:51","guid":{"rendered":"http:\/\/afrika-freundeskreis.de\/?page_id=32"},"modified":"2019-06-01T10:32:55","modified_gmt":"2019-06-01T08:32:55","slug":"startseite","status":"publish","type":"page","link":"https:\/\/afrika-freundeskreis.de\/","title":{"rendered":"Startseite"},"content":{"rendered":"<p style=\"text-align: center;\"><span style=\"font-size: 24pt; font-family: Arial Black, Avant Garde; color: #000000;\"><strong>Herzlich Willkommen <\/strong><\/span><\/p>\r\n<p style=\"text-align: center;\"><span style=\"font-size: 24pt; font-family: Arial Black, Avant Garde; color: #000000;\"><strong>auf unserer Homepage !<\/strong><\/span><\/p>\r\n<p style=\"padding-left: 40px;\">&nbsp;<\/p>\r\n<p style=\"text-align: left;\"><span style=\"font-family: Arial, Helvetica, sans-serif; font-size: 14pt; color: #333333;\"><strong>Wir leisten seit 1989, ab dem Jahr 2002 als eingetragener Verein, mit Hi<\/strong><strong>lfe von unseren Mitgliedern, Verwandten und Bekannten aktive Hilfe f\u00fcr das seit Jahren von B\u00fcrgerkrieg und Hungersnot bedrohte Zaire, jetzige Dem. Rep. Kongo. <\/strong><\/span><\/p>\r\n<p style=\"text-align: left;\"><span style=\"font-family: Arial, Helvetica, sans-serif; font-size: 14pt; color: #333333;\"><strong>Die Hilfe kommt u.a. den Schwestern &#8222;Dienerinnen Mariens&#8220; von Boma mit ihrem Waisenhaus und einer Entbindungsstation zugute.<br><\/strong><\/span><\/p>\r\n<p><span style=\"font-size: 14pt; font-family: Arial, Helvetica, sans-serif; color: #333333;\"><strong>Weiterhin \u00fcbernehmen wir f\u00fcr verschiedene Studenten im Kongo und in Angola Stipendien, um ihnen ein Studium an einer Uni zu erm\u00f6glichen.<\/strong><\/span><\/p>\r\n<p><span style=\"font-size: 14pt; font-family: Arial, Helvetica, sans-serif; color: #333333;\"><strong>Unser aktuelles Projekt ist eine Krankenstation in Sintu, ca. 30km von Muanda entfernt. Die Geb\u00e4ude sind soweit fertiggestellt, sowie ein Teil der Inneneinrichtung. Als N\u00e4chstes soll eine Brunnenbohrung erfolgen, um die Wasserversorgung sicherzustellen.<\/strong><\/span><\/p>\r\n<p style=\"text-align: left;\"><span style=\"font-family: Arial, Helvetica, sans-serif; font-size: 14pt; color: #333333;\"><strong>Als Verbindungsperson und guter Freund steht uns unser &#8222;Vereinsnamensgeber&#8220; Pfarrer Olivier Ndjimbi-Tshiende zur Seite.<\/strong><\/span><\/p>\r\n<p style=\"text-align: center;\">&nbsp;<\/p>\r\n\r\n<p>&nbsp;<\/p>\r\n","protected":false},"excerpt":{"rendered":"<p>Herzlich Willkommen auf unserer Homepage ! &nbsp; Wir leisten seit 1989, ab dem Jahr 2002 als eingetragener Verein, mit Hilfe von unseren Mitgliedern, Verwandten und Bekannten aktive Hilfe f\u00fcr das seit Jahren von B\u00fcrgerkrieg und Hungersnot bedrohte Zaire, jetzige Dem. Rep. Kongo. Die Hilfe kommt u.a. den Schwestern &#8222;Dienerinnen Mariens&#8220; von Boma mit ihrem Waisenhaus &hellip; <\/p>\n<p class=\"mt-4 mb-0 link-more\"><a href=\"https:\/\/afrika-freundeskreis.de\/\" class=\"more-link py-2 px-3 text-white d-table\"><span class=\"screen-reader-text\">\u201eStartseite\u201c<\/span> weiterlesen<\/a><\/p>\n","protected":false},"author":1,"featured_media":0,"parent":0,"menu_order":0,"comment_status":"closed","ping_status":"closed","template":"","meta":{"ngg_post_thumbnail":0,"footnotes":""},"class_list":["post-32","page","type-page","status-publish","hentry"],"_links":{"self":[{"href":"https:\/\/afrika-freundeskreis.de\/index.php\/wp-json\/wp\/v2\/pages\/32","targetHints":{"allow":["GET"]}}],"collection":[{"href":"https:\/\/afrika-freundeskreis.de\/index.php\/wp-json\/wp\/v2\/pages"}],"about":[{"href":"https:\/\/afrika-freundeskreis.de\/index.php\/wp-json\/wp\/v2\/types\/page"}],"author":[{"embeddable":true,"href":"https:\/\/afrika-freundeskreis.de\/index.php\/wp-json\/wp\/v2\/users\/1"}],"replies":[{"embeddable":true,"href":"https:\/\/afrika-freundeskreis.de\/index.php\/wp-json\/wp\/v2\/comments?post=32"}],"version-history":[{"count":0,"href":"https:\/\/afrika-freundeskreis.de\/index.php\/wp-json\/wp\/v2\/pages\/32\/revisions"}],"wp:attachment":[{"href":"https:\/\/afrika-freundeskreis.de\/index.php\/wp-json\/wp\/v2\/media?parent=32"}],"curies":[{"name":"wp","href":"https:\/\/api.w.org\/{rel}","templated":true}]}}