{"id":47,"date":"2015-03-14T20:24:02","date_gmt":"2015-03-14T18:24:02","guid":{"rendered":"http:\/\/afrika-freundeskreis.de\/?page_id=47"},"modified":"2019-05-28T19:30:44","modified_gmt":"2019-05-28T17:30:44","slug":"impressum","status":"publish","type":"page","link":"https:\/\/afrika-freundeskreis.de\/index.php\/impressum\/","title":{"rendered":"Impressum"},"content":{"rendered":"<div class=\"entry clearfix\">\r\n<h1><span style=\"font-family: Arial Black, Avant Garde; font-size: 24pt;\">Impressum<\/span><\/h1>\r\n<span style=\"font-family: Arial, Helvetica, sans-serif; color: #333333;\"><span style=\"font-size: 14pt;\">Angaben gem\u00e4\u00df \u00a7 5 TMG:<\/span><\/span><\/div>\r\n<div class=\"entry clearfix\"><span style=\"font-family: Arial, Helvetica, sans-serif; color: #333333;\"><span style=\"font-size: 14pt;\">Afrika Freundeskreis Pater Olivier e.V.<\/span><\/span><\/div>\r\n<div class=\"entry clearfix\"><span style=\"font-family: Arial, Helvetica, sans-serif; color: #333333;\"><span style=\"font-size: 14pt;\">Rexer Str. 7<\/span><\/span><\/div>\r\n<div class=\"entry clearfix\"><span style=\"font-family: Arial, Helvetica, sans-serif; color: #333333;\"><span style=\"font-size: 14pt;\">36100 Petersberg \/ B\u00f6ckels<\/span><\/span><\/div>\r\n<div>\u00a0<\/div>\r\n<div class=\"entry clearfix\"><span style=\"font-family: Arial, Helvetica, sans-serif; font-size: 14pt; color: #333333;\">Vertreten durch: <\/span><\/div>\r\n<div class=\"entry clearfix\"><span style=\"font-family: Arial, Helvetica, sans-serif; font-size: 14pt; color: #333333;\">Herr R\u00fcdiger Bech<\/span>\r\n<p>&nbsp;<\/p>\r\n<h1><span style=\"font-family: Arial Black, Avant Garde; font-size: 24pt; color: #000000;\">Kontakt:<\/span><\/h1>\r\n<table>\r\n<tbody>\r\n<tr>\r\n<td>\r\n<p><span style=\"font-family: Arial, Helvetica, sans-serif; font-size: 14pt;\"><span style=\"color: #333333;\">Telefon<\/span>:<\/span><\/p>\r\n<\/td>\r\n<td>\r\n<p><span style=\"font-family: Arial, Helvetica, sans-serif; font-size: 14pt; color: #333333;\">+49 (0) 661 9696711<\/span><\/p>\r\n<\/td>\r\n<\/tr>\r\n<tr>\r\n<td>\r\n<p><span style=\"font-family: Arial, Helvetica, sans-serif; font-size: 14pt; color: #333333;\">E-Mail:<\/span><\/p>\r\n<\/td>\r\n<td>\r\n<p><span style=\"font-family: Arial, Helvetica, sans-serif; font-size: 14pt; color: #333333;\">rbech@web.de<\/span><\/p>\r\n<\/td>\r\n<\/tr>\r\n<\/tbody>\r\n<\/table>\r\n<h1><span style=\"font-family: Arial Black, Avant Garde; font-size: 24pt; color: #000000;\">Registereintrag:<\/span><\/h1>\r\n<p><span style=\"font-family: Arial, Helvetica, sans-serif; font-size: 14pt; color: #333333;\">Eintragung im Vereinsregister.<\/span><br \/><span style=\"font-family: Arial, Helvetica, sans-serif; font-size: 14pt; color: #333333;\">Registergericht: Fulda<\/span><br \/><span style=\"font-family: Arial, Helvetica, sans-serif; font-size: 14pt; color: #333333;\">Registernummer: 55 VR 1428<br \/><\/span><\/p>\r\n<h1><span style=\"font-family: Arial Black, Avant Garde; font-size: 24pt; color: #000000;\">Haftungsausschluss:<\/span><\/h1>\r\n<p><span style=\"font-family: Arial, Helvetica, sans-serif; color: #333333;\"><span style=\"font-size: 14pt;\"><strong>Haftung f\u00fcr Inhalte<\/strong><\/span><\/span><\/p>\r\n<\/div>\r\n<div class=\"entry clearfix\"><span style=\"font-family: Arial, Helvetica, sans-serif; color: #333333;\"><span style=\"font-size: 14pt;\">Die Inhalte unserer Seiten wurden mit gr\u00f6\u00dfter Sorgfalt erstellt.<\/span><\/span><br \/><span style=\"font-family: Arial, Helvetica, sans-serif; font-size: 14pt; color: #333333;\">F\u00fcr die Richtigkeit, Vollst\u00e4ndigkeit und Aktualit\u00e4t der Inhalte<\/span><br \/><span style=\"font-family: Arial, Helvetica, sans-serif; font-size: 14pt; color: #333333;\">k\u00f6nnen wir jedoch keine Gew\u00e4hr \u00fcbernehmen. Als Diensteanbieter sind wir gem\u00e4\u00df \u00a7 7 Abs.1 TMG f\u00fcr <\/span><span style=\"font-family: Arial, Helvetica, sans-serif; font-size: 14pt; color: #333333;\">eigene Inhalte auf diesen Seiten nach den allgemeinen Gesetzen verantwortlich.<\/span><br \/><span style=\"font-family: Arial, Helvetica, sans-serif; font-size: 14pt; color: #333333;\">Nach \u00a7\u00a7 8 bis 10 TMG sind wir als Diensteanbieter jedoch nicht<\/span><br \/><span style=\"font-family: Arial, Helvetica, sans-serif; font-size: 14pt; color: #333333;\">verpflichtet, \u00fcbermittelte oder gespeicherte fremde Informationen zu<\/span><br \/><span style=\"font-family: Arial, Helvetica, sans-serif; font-size: 14pt; color: #333333;\">\u00fcberwachen oder nach Umst\u00e4nden zu forschen, die auf eine rechtswidrige<\/span> <span style=\"font-family: Arial, Helvetica, sans-serif; font-size: 14pt; color: #333333;\">T\u00e4tigkeit hinweisen. Verpflichtungen zur Entfernung oder Sperrung der <\/span><span style=\"font-family: Arial, Helvetica, sans-serif; font-size: 14pt; color: #333333;\">Nutzung von Informationen nach den allgemeinen Gesetzen bleiben hiervon <\/span><span style=\"font-family: Arial, Helvetica, sans-serif; font-size: 14pt; color: #333333;\">unber\u00fchrt. Eine diesbez\u00fcgliche Haftung ist jedoch erst ab dem<\/span> <span style=\"font-family: Arial, Helvetica, sans-serif; font-size: 14pt; color: #333333;\">Zeitpunkt der Kenntnis einer konkreten Rechtsverletzung m\u00f6glich. Bei <\/span><span style=\"font-family: Arial, Helvetica, sans-serif; font-size: 14pt; color: #333333;\">Bekanntwerden von entsprechenden Rechtsverletzungen werden wir diese Inhalte <\/span><span style=\"font-family: Arial, Helvetica, sans-serif; color: #333333;\"><span style=\"font-size: 14pt;\">umgehend entfernen.<\/span><\/span><\/div>\r\n<div>\u00a0<\/div>\r\n<div class=\"entry clearfix\"><span style=\"font-family: Arial, Helvetica, sans-serif; color: #333333;\"><span style=\"font-size: 14pt;\"><strong>Haftung f\u00fcr Links<\/strong><\/span><\/span><\/div>\r\n<div class=\"entry clearfix\"><span style=\"font-family: Arial, Helvetica, sans-serif; color: #333333;\"><span style=\"font-size: 14pt;\">Unser Angebot enth\u00e4lt Links zu externen Webseiten Dritter, auf deren<\/span><\/span><br \/><span style=\"font-family: Arial, Helvetica, sans-serif; font-size: 14pt; color: #333333;\">Inhalte wir keinen Einfluss haben. Deshalb k\u00f6nnen wir f\u00fcr diese<\/span><br \/><span style=\"font-family: Arial, Helvetica, sans-serif; font-size: 14pt; color: #333333;\">fremden Inhalte auch keine Gew\u00e4hr \u00fcbernehmen. F\u00fcr die Inhalte<\/span><br \/><span style=\"font-family: Arial, Helvetica, sans-serif; font-size: 14pt; color: #333333;\">der verlinkten Seiten ist stets der jeweilige Anbieter oder Betreiber der<\/span><br \/><span style=\"font-family: Arial, Helvetica, sans-serif; font-size: 14pt; color: #333333;\">Seiten verantwortlich. Die verlinkten Seiten wurden zum Zeitpunkt der Verlinkung <\/span><span style=\"font-family: Arial, Helvetica, sans-serif; font-size: 14pt; color: #333333;\">auf m\u00f6gliche Rechtsverst\u00f6\u00dfe \u00fcberpr\u00fcft. Rechtswidrige<\/span><br \/><span style=\"font-family: Arial, Helvetica, sans-serif; font-size: 14pt; color: #333333;\">Inhalte waren zum Zeitpunkt der Verlinkung nicht erkennbar. Eine permanente <\/span><span style=\"font-family: Arial, Helvetica, sans-serif; font-size: 14pt; color: #333333;\">inhaltliche Kontrolle der verlinkten Seiten ist jedoch ohne konkrete Anhaltspunkte <\/span><span style=\"font-family: Arial, Helvetica, sans-serif; font-size: 14pt; color: #333333;\">einer Rechtsverletzung nicht zumutbar. Bei Bekanntwerden von Rechtsverletzungen <\/span><span style=\"font-family: Arial, Helvetica, sans-serif; font-size: 14pt; color: #333333;\">werden wir derartige Links umgehend entfernen.<\/span>\r\n<p>&nbsp;<\/p>\r\n<h1><span style=\"font-family: Arial Black, Avant Garde; font-size: 24pt; color: #000000;\"><strong>Urheberrecht<\/strong><\/span><\/h1>\r\n<p><span style=\"font-family: Arial, Helvetica, sans-serif; font-size: 14pt; color: #333333;\">Die durch die Seitenbetreiber erstellten Inhalte und Werke auf diesen Seiten<\/span> <span style=\"font-family: Arial, Helvetica, sans-serif; font-size: 14pt; color: #333333;\">unterliegen dem deutschen Urheberrecht. Die Vervielf\u00e4ltigung, Bearbeitung, Verbreitung und <\/span><span style=\"font-family: Arial, Helvetica, sans-serif; font-size: 14pt; color: #333333;\">jede Art der Verwertung au\u00dferhalb der Grenzen des Urheberrechtes bed\u00fcrfen <\/span><span style=\"font-family: Arial, Helvetica, sans-serif; font-size: 14pt; color: #333333;\">der schriftlichen Zustimmung des jeweiligen Autors bzw. Erstellers. Downloads <\/span><span style=\"font-family: Arial, Helvetica, sans-serif; font-size: 14pt; color: #333333;\">und Kopien dieser Seite sind nur f\u00fcr den privaten, nicht kommerziellen <\/span><span style=\"font-family: Arial, Helvetica, sans-serif; font-size: 14pt; color: #333333;\">Gebrauch gestattet. Soweit die Inhalte auf dieser Seite nicht vom Betreiber erstellt wurden,<\/span> <span style=\"font-family: Arial, Helvetica, sans-serif; font-size: 14pt; color: #333333;\">werden die Urheberrechte Dritter beachtet. Insbesondere werden Inhalte Dritter als solche <\/span><span style=\"font-family: Arial, Helvetica, sans-serif; font-size: 14pt; color: #333333;\">gekennzeichnet. Sollten Sie trotzdem auf eine Urheberrechtsverletzung aufmerksam werden, bitten wir um einen entsprechenden Hinweis. <\/span><\/p>\r\n<\/div>\r\n<p class=\"entry clearfix\"><span style=\"font-family: Arial, Helvetica, sans-serif; font-size: 14pt; color: #333333;\">Bei Bekanntwerden von Rechtsverletzungen werden wir derartige Inhalte umgehend entfernen.<\/span><\/p>\r\n<h1><span style=\"font-family: Arial Black, Avant Garde; font-size: 24pt; color: #000000;\"><strong>Datenschutz<\/strong><\/span><\/h1>\r\n<p><span style=\"font-family: Arial, Helvetica, sans-serif; font-size: 14pt; color: #333333;\">Die Nutzung unserer Webseite ist in der Regel ohne Angabe personenbezogener Daten m\u00f6glich. Soweit auf unseren Seiten personenbezogene Daten (beispielsweise Name, <\/span><span style=\"font-family: Arial, Helvetica, sans-serif; color: #333333;\"><span style=\"font-size: 14pt;\">Anschrift oder eMail-Adressen) erhoben werden, erfolgt dies, soweit m\u00f6glich, stets auf freiwilliger Basis. Diese Daten werden ohne Ihre ausdr\u00fcckliche Zustimmung nicht an Dritte weitergegeben.<\/span><span style=\"font-size: 14pt;\">Wir weisen darauf hin, dass die Daten\u00fcbertragung im Internet (z.B.<\/span><\/span> <span style=\"font-family: Arial, Helvetica, sans-serif; font-size: 14pt; color: #333333;\">bei der Kommunikation per E-Mail) Sicherheitsl\u00fccken aufweisen kann. <\/span><span style=\"font-family: Arial, Helvetica, sans-serif; font-size: 14pt; color: #333333;\">Ein l\u00fcckenloser Schutz der Daten vor dem Zugriff durch Dritte ist nicht<\/span> <span style=\"font-family: Arial, Helvetica, sans-serif; color: #333333;\"><span style=\"font-size: 14pt;\">m\u00f6glich.<\/span><span style=\"font-size: 14pt;\">Der Nutzung von im Rahmen der Impressumspflicht ver\u00f6ffentlichten Kontaktdaten<\/span><\/span><br \/><span style=\"font-family: Arial, Helvetica, sans-serif; font-size: 14pt; color: #333333;\">durch Dritte zur \u00dcbersendung von nicht ausdr\u00fccklich angeforderter<\/span><br \/><span style=\"font-family: Arial, Helvetica, sans-serif; font-size: 14pt; color: #333333;\">Werbung und Informationsmaterialien wird hiermit ausdr\u00fccklich widersprochen.<\/span><br \/><span style=\"font-family: Arial, Helvetica, sans-serif; font-size: 14pt; color: #333333;\">Die Betreiber der Seiten behalten sich ausdr\u00fccklich rechtliche Schritte<\/span><br \/><span style=\"font-family: Arial, Helvetica, sans-serif; font-size: 14pt; color: #333333;\">im Falle der unverlangten Zusendung von Werbeinformationen, etwa durch Spam-Mails,<\/span> <span style=\"font-family: Arial, Helvetica, sans-serif; color: #333333;\"><span style=\"font-size: 14pt;\">vor.<\/span><span style=\"font-size: 14pt;\"><em>Quellen: <\/em><\/span><\/span><\/p>\r\n<div>\u00a0<\/div>\r\n<div class=\"entry clearfix\"><span style=\"font-family: Arial, Helvetica, sans-serif; color: #333333;\"><span style=\"font-size: 14pt;\"><em><a style=\"color: #333333;\" href=\"http:\/\/www.e-recht24.de\/muster-disclaimer.htm\" target=\"_blank\" rel=\"noopener noreferrer\">Disclaimer<\/a> von eRecht24, dem Portal zum Internetrecht von Rechtsanwalt S\u00f6ren Siebert<\/em><\/span><\/span><\/div>\r\n\r\n<p>&nbsp;<\/p>\r\n","protected":false},"excerpt":{"rendered":"<p>Impressum Angaben gem\u00e4\u00df \u00a7 5 TMG: Afrika Freundeskreis Pater Olivier e.V. Rexer Str. 7 36100 Petersberg \/ B\u00f6ckels \u00a0 Vertreten durch: Herr R\u00fcdiger Bech &nbsp; Kontakt: Telefon: +49 (0) 661 9696711 E-Mail: rbech@web.de Registereintrag: Eintragung im Vereinsregister.Registergericht: FuldaRegisternummer: 55 VR 1428 Haftungsausschluss: Haftung f\u00fcr Inhalte Die Inhalte unserer Seiten wurden mit gr\u00f6\u00dfter Sorgfalt erstellt.F\u00fcr die &hellip; <\/p>\n<p class=\"mt-4 mb-0 link-more\"><a href=\"https:\/\/afrika-freundeskreis.de\/index.php\/impressum\/\" class=\"more-link py-2 px-3 text-white d-table\"><span class=\"screen-reader-text\">\u201eImpressum\u201c<\/span> weiterlesen<\/a><\/p>\n","protected":false},"author":1,"featured_media":0,"parent":0,"menu_order":0,"comment_status":"closed","ping_status":"open","template":"","meta":{"ngg_post_thumbnail":0,"footnotes":""},"class_list":["post-47","page","type-page","status-publish","hentry"],"_links":{"self":[{"href":"https:\/\/afrika-freundeskreis.de\/index.php\/wp-json\/wp\/v2\/pages\/47","targetHints":{"allow":["GET"]}}],"collection":[{"href":"https:\/\/afrika-freundeskreis.de\/index.php\/wp-json\/wp\/v2\/pages"}],"about":[{"href":"https:\/\/afrika-freundeskreis.de\/index.php\/wp-json\/wp\/v2\/types\/page"}],"author":[{"embeddable":true,"href":"https:\/\/afrika-freundeskreis.de\/index.php\/wp-json\/wp\/v2\/users\/1"}],"replies":[{"embeddable":true,"href":"https:\/\/afrika-freundeskreis.de\/index.php\/wp-json\/wp\/v2\/comments?post=47"}],"version-history":[{"count":0,"href":"https:\/\/afrika-freundeskreis.de\/index.php\/wp-json\/wp\/v2\/pages\/47\/revisions"}],"wp:attachment":[{"href":"https:\/\/afrika-freundeskreis.de\/index.php\/wp-json\/wp\/v2\/media?parent=47"}],"curies":[{"name":"wp","href":"https:\/\/api.w.org\/{rel}","templated":true}]}}