{"id":609,"date":"2019-05-31T09:29:18","date_gmt":"2019-05-31T07:29:18","guid":{"rendered":"http:\/\/afrika-freundeskreis.de\/?page_id=609"},"modified":"2019-05-31T09:29:18","modified_gmt":"2019-05-31T07:29:18","slug":"vereinsgeschichte","status":"publish","type":"page","link":"https:\/\/afrika-freundeskreis.de\/index.php\/vereinsgeschichte\/","title":{"rendered":"Vereinsgeschichte"},"content":{"rendered":"<h1 style=\"text-align: center;\"><span style=\"font-family: Arial Black, Avant Garde; color: #000000;\">Vereinsgeschichte<\/span><\/h1>\n<h1 style=\"text-align: center;\"><span style=\"font-family: Arial Black, Avant Garde; color: #000000;\"><strong>30 Jahre Hilfe f\u00fcr Afrika<\/strong><\/span><\/h1>\n<p><span style=\"font-family: Arial, Helvetica, sans-serif; font-size: 14pt; color: #333333;\">Liebe Leserinnen und Leser,<\/span><\/p>\n<p><span style=\"font-family: Arial, Helvetica, sans-serif; font-size: 14pt; color: #333333;\">seit 1989 leisten wir, die Familie Bech, mit Hilfe von Verwandten, Freunden und Bekannten aktive Hilfe f\u00fcr das seit Jahren von B\u00fcrgerkrieg und Armut bedrohte Zaire, jetzige Demokratische Republik Kongo. <\/span><span style=\"font-family: Arial, Helvetica, sans-serif; font-size: 14pt; color: #333333;\">Die Hilfe kommt u.a. den Schwestern \u201eDienerinnen Mariens\u201c von Boma mit ihrem Waisenhaus und einer Entbindungsstation sowie Sch\u00fclern und Studenten zugute.<\/span><\/p>\n<p><span style=\"font-family: Arial, Helvetica, sans-serif; font-size: 14pt; color: #333333;\">Als wir im Dezember 1988 Pater Olivier im Beisein von Pfr. Aschenbach in unserem Haus begr\u00fc\u00dfen durften, er half als Priester in unserer Pfarrei aus, erz\u00e4hlte er uns in diesem Gespr\u00e4ch von einem bereits fertiggestellten Trinkwasserprojekt und einem im Bau befindlichen Waisenhaus.<\/span><span style=\"font-family: Arial, Helvetica, sans-serif; font-size: 14pt; color: #333333;\">F\u00fcr die Unterhaltung wurden noch 20 und mehr gebrauchte N\u00e4hmaschinen f\u00fcr ein N\u00e4hstudio gesucht, evtl. ein gutes gebrauchtes Auto f\u00fcr die Schwestern sowie eine kleine Bausteinpresse.<\/span><span style=\"font-family: Arial, Helvetica, sans-serif; font-size: 14pt; color: #333333;\">Sofort sagten wir unsere Hilfe zu.<\/span><\/p>\n<p><span style=\"font-family: Arial, Helvetica, sans-serif; font-size: 14pt; color: #333333;\">Im Januar 1989 verteilten wir ein Rundschreiben in der Pfarrei Margretenhaun und baten um Spenden. Hierbei war uns Pfr. Aschenbach sehr behilflich.<\/span><span style=\"font-family: Arial, Helvetica, sans-serif; font-size: 14pt; color: #333333;\">Bereits im Februar 1990 konnten wir einen Container mit Hilfsg\u00fctern im Wert von 26.000 DM an die Di\u00f6zese Boma z. Hd. der Schwestern \u201eDienerinnen Mariens\u201c senden. <\/span><span style=\"font-family: Arial, Helvetica, sans-serif; font-size: 14pt; color: #333333;\">Die Verteilung erfolgte zu Gunsten Minderbemittelter. <\/span><span style=\"font-family: Arial, Helvetica, sans-serif; font-size: 14pt; color: #333333;\">Unter anderem wurden 140 Karton Kleider und Schuhe, 53 N\u00e4hmaschinen und 7 Kopierger\u00e4te gespendet. Dazu gekauft wurden 24 N\u00e4hmaschinen f\u00fcr 3.600 DM, ein gebrauchter Kopierer f\u00fcr 1.140 DM sowie eine Ziegelsteinpresse f\u00fcr 4.100 DM. <\/span><span style=\"font-family: Arial, Helvetica, sans-serif; font-size: 14pt; color: #333333;\">Diese wurde in Belgien abgeholt. <\/span><span style=\"font-family: Arial, Helvetica, sans-serif; font-size: 14pt; color: #333333;\">Spenden kamen u.a. von Stra\u00dfenfesten, den Hutzeljungen, der kfd Margretenhaun, der Pfarrgemeinde G\u00f6ttingen und vielen privaten Spendern.<\/span><\/p>\n<p><span style=\"font-family: Arial, Helvetica, sans-serif; font-size: 14pt; color: #333333;\">1993 wurde ein Pkw LADA Allrad sowie ein IFA Lkw Allrad mit Sonderaufbau vom Malteser Hilfsdienst in Mellrichstadt f\u00fcr 4.332 DM gekauft und nach Belgien gefahren. <\/span><span style=\"font-family: Arial, Helvetica, sans-serif; font-size: 14pt; color: #333333;\">Die Fahrzeuge wurden dann von dort \u00fcber Antwerpen nach Boma verschifft. <\/span><span style=\"font-family: Arial, Helvetica, sans-serif; font-size: 14pt; color: #333333;\">Diese Hilfe war f\u00fcr die Missionsarbeit bestimmt. <\/span><span style=\"font-family: Arial, Helvetica, sans-serif; font-size: 14pt; color: #333333;\">Da der Lkw noch die Tarnfarbe der NVA hatte, musste dieser zuvor eine neue Farbe bekommen.<\/span><\/p>\n<p><span style=\"font-family: Arial, Helvetica, sans-serif; font-size: 14pt; color: #333333;\">Am 19. August 1993 schrieben wir an das Bundesministerium der Verteidigung in Bonn. <\/span><span style=\"font-family: Arial, Helvetica, sans-serif; font-size: 14pt; color: #333333;\">Am 15. Dezember erhielten wir die Nachricht, dass die Bundeswehr uns im Rahmen der humanit\u00e4ren Hilfe drei Pkw, zwei Lkw und 2 Wasseranh\u00e4nger der ehemaligen NVA zur Verf\u00fcgung stellt.<\/span><\/p>\n<p><span style=\"font-family: Arial, Helvetica, sans-serif; font-size: 14pt; color: #333333;\">1994 wurde unter gro\u00dfen Umst\u00e4nden zwei Lkw, von denen nur einer repariert werden konnte, und die zwei Pkw von J\u00e4nschwalde (N\u00e4he polnische Grenze) sowie die zwei Wasseranh\u00e4nger von Leipzig mit Hilfe von 5 Personen nach Hamburg in den Freihafen gebracht. <\/span><span style=\"font-family: Arial, Helvetica, sans-serif; font-size: 14pt; color: #333333;\">Von dort wurden sie dann nach Boma verschifft. <\/span><span style=\"font-family: Arial, Helvetica, sans-serif; font-size: 14pt; color: #333333;\">Diese Hilfslieferung war f\u00fcr die Di\u00f6zese und die Schwestern \u201eDienerinnen Mariens\u201c bestimmt.<\/span><\/p>\n<p><span style=\"font-family: Arial, Helvetica, sans-serif; font-size: 14pt; color: #333333;\">Im Laufe der Jahre wurden noch \u00dcberweisungen f\u00fcr die Unterhaltung des Waisenhauses veranlasst und noch viele Spenden gesammelt. <\/span><span style=\"font-family: Arial, Helvetica, sans-serif; font-size: 14pt; color: #333333;\">Der letzte Container wurde bei uns im Dezember 2001, kurz vor der R\u00fcckkehr von Pater Olivier in den Kongo, verladen. <\/span><span style=\"font-family: Arial, Helvetica, sans-serif; font-size: 14pt; color: #333333;\">In diesem Container waren neben Kleidung und Schuhe auch ein Zahnarztstuhl sowie Werkzeuge und Strickmaschinen.<\/span><\/p>\n<p><span style=\"font-family: Arial, Helvetica, sans-serif; font-size: 14pt; color: #333333;\">Um den vielen Spendern eine Spendenquittung ausstellen zu k\u00f6nnen, wurde am 4.10.2002 der \u201eAfrika Freundeskreis Pater Olivier e.V.\u201c von Walter Bech und 16 weiteren Personen gegr\u00fcndet.<\/span><\/p>\n<p>&nbsp;<\/p>\n<p><span style=\"font-family: Arial, Helvetica, sans-serif; font-size: 14pt; color: #333333;\">1. Vorsitzender Walter Bech<\/span><\/p>\n<p><span style=\"font-family: Arial, Helvetica, sans-serif; font-size: 14pt; color: #333333;\">2. Vorsitzender Peter Kipping<\/span><\/p>\n<p><span style=\"font-family: Arial, Helvetica, sans-serif; font-size: 14pt; color: #333333;\">Schriftf\u00fchrerin&nbsp; Anita Pfatschbacher<\/span><\/p>\n<p><span style=\"font-family: Arial, Helvetica, sans-serif; font-size: 14pt; color: #333333;\">Kassierer&nbsp;&nbsp;&nbsp;&nbsp;&nbsp;&nbsp;&nbsp;&nbsp; Anton Romeis<\/span><\/p>\n<p>&nbsp;<\/p>\n<p><span style=\"font-family: Arial, Helvetica, sans-serif; font-size: 14pt; color: #333333;\">In der Satzung des Afrika Freundeskreises wurde festgelegt:<\/span><\/p>\n<p><span style=\"font-family: Arial, Helvetica, sans-serif; font-size: 14pt; color: #333333;\">\u00a7 2 Ziel und Zweck des Vereins:<\/span><\/p>\n<p><span style=\"font-family: Arial, Helvetica, sans-serif; font-size: 14pt; color: #333333;\">\u201eDer Verein soll im Sinne der V\u00f6lkerverst\u00e4ndigung und friedlichen Gestaltung einer gemeinsamen Zukunft auf der Welt<\/span><\/p>\n<ol>\n<li><span style=\"font-family: Arial, Helvetica, sans-serif; font-size: 14pt; color: #333333;\">Interesse f\u00fcr das Leben der Menschen in Afrika wecken,<\/span><\/li>\n<li><span style=\"font-family: Arial, Helvetica, sans-serif; font-size: 14pt; color: #333333;\">Durch Informationsarbeit \u00fcber die Situation in den L\u00e4ndern Afrikas pers\u00f6nliches Verantwortungsbewusstsein in Deutschland schaffen,<\/span><\/li>\n<li><span style=\"font-family: Arial, Helvetica, sans-serif; font-size: 14pt; color: #333333;\">Im Rahmen von Entwicklungshilfe Spendensammlungen mit dem Ziel, Projekte zur Verbesserung der Lebenssituation von besonders benachteiligten Bev\u00f6lkerungsgruppen in Afrika finanziell und materiell zu unterst\u00fctzen.<\/span><\/li>\n<\/ol>\n<p><span style=\"font-family: Arial, Helvetica, sans-serif; font-size: 14pt; color: #333333;\">Am 1.11.2002 wurde unser Verein unter der Nr. 55 VR 1428 beim Amtsgericht Fulda eingetragen.<\/span><\/p>\n<p><span style=\"font-family: Arial, Helvetica, sans-serif; font-size: 14pt; color: #333333;\">Seither leisten wir finanzielle Hilfe. So wird das Waisenhaus j\u00e4hrlich f\u00fcr Unterhaltung unterst\u00fctzt. <\/span><span style=\"font-family: Arial, Helvetica, sans-serif; font-size: 14pt; color: #333333;\">Die Wasserversorgung des Waisenhauses wurde gebaut und die Dachrenovierung \u00fcbernommen. <\/span><span style=\"font-family: Arial, Helvetica, sans-serif; font-size: 14pt; color: #333333;\">Tr\u00e4ger des Waisenhauses und der dazugeh\u00f6rigen Entbindungsstation des Krankenhauses sind die Schwestern \u201eDienerinnen Mariens\u201c.<\/span><\/p>\n<p><span style=\"font-family: Arial, Helvetica, sans-serif; font-size: 14pt; color: #333333;\">Zur K\u00fchlung der Blutkonserven wurde von uns ein Stromaggregat gespendet, da Strom nur zeitweise zur Verf\u00fcgung steht.<\/span><\/p>\n<p><span style=\"font-family: Arial, Helvetica, sans-serif; font-size: 14pt; color: #333333;\">F\u00fcr die Entbindungsstation wurden Moskitonetze f\u00fcr die Neugeborenen, sowie Nachttische f\u00fcr die M\u00fctter angeschafft. <\/span><span style=\"font-family: Arial, Helvetica, sans-serif; font-size: 14pt; color: #333333;\">Um Medikamente auf Vorrat halten zu k\u00f6nnen, wurde f\u00fcr die Apotheke ein Zuschuss gew\u00e4hrt. <\/span><span style=\"font-family: Arial, Helvetica, sans-serif; font-size: 14pt; color: #333333;\">F\u00fcr die Angeh\u00f6rigen wurde ein massiver Raum gebaut, der als K\u00fcche dient. In diesem Raum k\u00f6nnen sich die Angeh\u00f6rigen \u00fcber offener Flamme Essen kochen.<\/span><\/p>\n<p><span style=\"font-family: Arial, Helvetica, sans-serif; font-size: 14pt; color: #333333;\">Weiterhin wurden f\u00fcr Sch\u00fcler und Studenten Schulgeld und Studiengeb\u00fchren bezahlt. Der Empfang der Gelder wird durch Bescheinigung der Schule, bzw. durch Rechnungen und Bilder nachgewiesen. Seit 2013 unterst\u00fctzt unser Verein noch weitere Waisenkinder in Angola und Muanda. Durch unsere finanzielle Hilfe sorgen wir auch hier f\u00fcr die Unterhaltung des Hauses und kommen f\u00fcr Verpflegung der Waisenkinder und deren Schulgeld auf. Mit unserer Unterst\u00fctzung konnte eine Waise bereits sein Medizinstudium erfolgreich beenden.<\/span><\/p>\n<p><span style=\"font-family: Arial, Helvetica, sans-serif; font-size: 14pt; color: #333333;\">Durch Spenden und Mitgliedsbeitr\u00e4ge k\u00f6nnen wir j\u00e4hrlich ca. 5.000 &#8211; 10.000 \u20ac finanzielle Hilfe leisten.<\/span><\/p>\n<p><span style=\"font-family: Arial, Helvetica, sans-serif; font-size: 14pt; color: #333333;\">Im Mai 2012 konnten wir nun mit unserem lange geplanten Projekt, dem Bau einer Krankenstation in Sintu, ca.30 km von Muanda entfernt, beginnen. Die Baustelle liegt zentral in der Mitte mehrerer D\u00f6rfer.<\/span><\/p>\n<p><span style=\"font-family: Arial, Helvetica, sans-serif; font-size: 14pt; color: #333333;\">Mit Hilfe von Spenden konnten die Krankenstation und die sanit\u00e4ren Anlagen inzwischen fertiggestellt werden.<\/span><\/p>\n<p><span style=\"font-family: Arial, Helvetica, sans-serif; font-size: 14pt; color: #333333;\">F\u00fcr die Inbetriebnahme fehlen noch verschiedene technische Ger\u00e4te f\u00fcr den OP-Raum bzw. das Labor. Ebenso muss eine Grundversorgung an Medikamenten sichergestellt sein. F\u00fcr die Innenausstattung werden noch Matratzen und Bettw\u00e4sche ben\u00f6tigt.<\/span><\/p>\n<p><span style=\"font-family: Arial, Helvetica, sans-serif; font-size: 14pt; color: #333333;\">Die staatliche Anerkennung f\u00fcr die Krankenstation ist inzwischen erfolgt. Die Station darf die Bezeichnung \u201ePoliklinik\u201c f\u00fchren.<\/span><\/p>\n<p><span style=\"font-family: Arial, Helvetica, sans-serif; font-size: 14pt; color: #333333;\">Bisher kann die Wasserversorgung durch eine in 2015 erbaute Zisterne und eine Wasseraufbereitungsanlage, zumindest zeitweise, abgedeckt werden. Zus\u00e4tzlich muss Wasser vom Fluss geholt werden.<\/span><\/p>\n<p><span style=\"font-family: Arial, Helvetica, sans-serif; font-size: 14pt; color: #333333;\">Um zuk\u00fcnftig eine zentrale Wasserversorgung zu gew\u00e4hrleisten, wurde Kontakt mit einer franz\u00f6sischen Bohrfirma und mit GIZ (Gesellschaft f\u00fcr Internationale Zusammenarbeit) aufgenommen.<\/span><\/p>\n<p><span style=\"font-family: Arial, Helvetica, sans-serif; font-size: 14pt; color: #333333;\">Kostenvoranschl\u00e4ge f\u00fcr die Bohrung und den Bau der Anlage liegen inzwischen vor. Die Kosten in H\u00f6he von <\/span><span style=\"font-family: Arial, Helvetica, sans-serif; font-size: 14pt; color: #333333;\">ca. 35.000 \u20ac m\u00fcssen noch finanziert werden.<\/span><\/p>\n<p>&nbsp;<\/p>\n<p><span style=\"font-family: Arial, Helvetica, sans-serif; font-size: 18pt; color: #333333;\"><strong>Hierf\u00fcr sind wir auf Ihre Hilfe angewiesen!<\/strong><\/span><\/p>\n<p>&nbsp;<\/p>\n<p><span style=\"font-family: Arial, Helvetica, sans-serif; font-size: 14pt; color: #333333;\">Unterst\u00fctzen Sie den \u201eAfrika Freundeskreis Pater Olivier e.V.\u201c mit Ihrer Mitgliedschaft oder mit einer Spende auf das nachstehend aufgef\u00fchrte Spendenkonto. Der Jahresbeitrag betr\u00e4gt 20,00 \u20ac pro Person und 30 \u20ac f\u00fcr Firmen\/Institutionen.<\/span><\/p>\n<p><span style=\"font-family: Arial, Helvetica, sans-serif; font-size: 14pt; color: #333333;\"><strong>Bankverbindung:<\/strong><\/span><\/p>\n<p><span style=\"font-family: Arial, Helvetica, sans-serif; font-size: 14pt; color: #333333;\">Afrika Freundeskreis Pater Olivier e.V.<\/span><\/p>\n<p><span style=\"font-family: Arial, Helvetica, sans-serif; font-size: 14pt; color: #333333;\">IBAN DE35 5305 0180 0042 4105 00<\/span><\/p>\n<p><span style=\"font-family: Arial, Helvetica, sans-serif; font-size: 14pt; color: #333333;\">BIC HELADEF1FDS<\/span><\/p>\n<p><span style=\"font-family: Arial, Helvetica, sans-serif; font-size: 14pt; color: #333333;\">Sparkasse Fulda<\/span><\/p>\n<p>&nbsp;<\/p>\n<p><span style=\"font-family: Arial, Helvetica, sans-serif; font-size: 14pt; color: #333333;\">Weitere Ausk\u00fcnfte erhalten Sie bei den Vorstandsmitgliedern.<\/span><\/p>\n<p><span style=\"font-family: Arial, Helvetica, sans-serif; font-size: 14pt; color: #333333;\"><em>&nbsp;<\/em><\/span><\/p>\n<p><span style=\"font-family: Arial, Helvetica, sans-serif; font-size: 14pt; color: #333333;\">1. Vorsitzender:&nbsp;&nbsp;&nbsp; R\u00fcdiger Bech&nbsp;&nbsp;&nbsp;&nbsp;&nbsp;&nbsp;&nbsp;&nbsp;&nbsp;&nbsp;&nbsp;&nbsp;&nbsp; Tel. 0661 \/ 969670<\/span><\/p>\n<p><span style=\"font-family: Arial, Helvetica, sans-serif; font-size: 14pt; color: #333333;\">2. Vorsitzender&nbsp;&nbsp;&nbsp;&nbsp; Peter Kipping &nbsp; &nbsp; &nbsp; &nbsp;&nbsp;&nbsp;&nbsp;&nbsp;&nbsp;&nbsp; Tel. 0661 \/ 79371<\/span><\/p>\n<p><span style=\"font-family: Arial, Helvetica, sans-serif; font-size: 14pt; color: #333333;\">Kassenwart:&nbsp;&nbsp;&nbsp;&nbsp;&nbsp;&nbsp;&nbsp;&nbsp;&nbsp; Alexander Romeis &nbsp;&nbsp;&nbsp;&nbsp; Tel. 0661 \/ 6792558<\/span><\/p>\n<p><span style=\"font-family: Arial, Helvetica, sans-serif; font-size: 14pt; color: #333333;\">Schriftf\u00fchrerin:&nbsp; &nbsp;&nbsp;&nbsp; Anita Pfatschbacher&nbsp;&nbsp;&nbsp; Tel. 0661 \/ 601540&nbsp;<\/span><\/p>\n<p>&nbsp;<\/p>\n<p><span style=\"font-family: Arial, Helvetica, sans-serif; font-size: 14pt; color: #333333;\">Walter Bech, der Gr\u00fcnder des Vereins, verstarb im Jahr 2016, seine Ehefrau Christel im Jahr 2012.<\/span><\/p>\n<p><span style=\"font-family: Arial, Helvetica, sans-serif; font-size: 14pt; color: #333333;\">Unser Bestreben ist es, die Unterhaltung der Projekte und die Inbetriebnahme der Krankenstation mit Hilfe des \u201eAfrika Freundeskreis Pater Olivier e.V.\u201c im Sinne von Walter und Christel Bech weiterzuf\u00fchren.<\/span><\/p>\n","protected":false},"excerpt":{"rendered":"<p>Vereinsgeschichte 30 Jahre Hilfe f\u00fcr Afrika Liebe Leserinnen und Leser, seit 1989 leisten wir, die Familie Bech, mit Hilfe von Verwandten, Freunden und Bekannten aktive Hilfe f\u00fcr das seit Jahren von B\u00fcrgerkrieg und Armut bedrohte Zaire, jetzige Demokratische Republik Kongo. Die Hilfe kommt u.a. den Schwestern \u201eDienerinnen Mariens\u201c von Boma mit ihrem Waisenhaus und einer &hellip; <\/p>\n<p class=\"mt-4 mb-0 link-more\"><a href=\"https:\/\/afrika-freundeskreis.de\/index.php\/vereinsgeschichte\/\" class=\"more-link py-2 px-3 text-white d-table\"><span class=\"screen-reader-text\">\u201eVereinsgeschichte\u201c<\/span> weiterlesen<\/a><\/p>\n","protected":false},"author":1,"featured_media":0,"parent":0,"menu_order":0,"comment_status":"closed","ping_status":"closed","template":"","meta":{"ngg_post_thumbnail":0,"footnotes":""},"class_list":["post-609","page","type-page","status-publish","hentry"],"_links":{"self":[{"href":"https:\/\/afrika-freundeskreis.de\/index.php\/wp-json\/wp\/v2\/pages\/609","targetHints":{"allow":["GET"]}}],"collection":[{"href":"https:\/\/afrika-freundeskreis.de\/index.php\/wp-json\/wp\/v2\/pages"}],"about":[{"href":"https:\/\/afrika-freundeskreis.de\/index.php\/wp-json\/wp\/v2\/types\/page"}],"author":[{"embeddable":true,"href":"https:\/\/afrika-freundeskreis.de\/index.php\/wp-json\/wp\/v2\/users\/1"}],"replies":[{"embeddable":true,"href":"https:\/\/afrika-freundeskreis.de\/index.php\/wp-json\/wp\/v2\/comments?post=609"}],"version-history":[{"count":0,"href":"https:\/\/afrika-freundeskreis.de\/index.php\/wp-json\/wp\/v2\/pages\/609\/revisions"}],"wp:attachment":[{"href":"https:\/\/afrika-freundeskreis.de\/index.php\/wp-json\/wp\/v2\/media?parent=609"}],"curies":[{"name":"wp","href":"https:\/\/api.w.org\/{rel}","templated":true}]}}