{"id":65,"date":"2019-05-27T18:47:53","date_gmt":"2019-05-27T16:47:53","guid":{"rendered":"http:\/\/afrika-freundeskreis.de\/?page_id=65"},"modified":"2019-06-01T10:37:51","modified_gmt":"2019-06-01T08:37:51","slug":"pater-olivier","status":"publish","type":"page","link":"https:\/\/afrika-freundeskreis.de\/index.php\/pater-olivier\/","title":{"rendered":"Biographie Pfr. Olivier Ndjimbi-Tshiende"},"content":{"rendered":"<h1 style=\"text-align: center;\"><span style=\"font-family: Arial Black, Avant Garde; font-size: 24pt;\">Biographie Pfr. Olivier Ndjimbi-Tshiende<br \/>\n<\/span><\/h1>\n<p>&nbsp;<\/p>\n<h1><span style=\"font-family: Arial Black, Avant Garde; font-size: 14pt;\"><strong>Spuren meines bisherigen Wegs und das Dasein f\u00fcr die Zukunft\u2026<\/strong><\/span><\/h1>\n<p><span style=\"font-family: Arial, Helvetica, sans-serif; font-size: 14pt; color: #333333;\">Die schwierigste Aufgabe des Menschen als solchen scheint wohl dies zu sein: Verstehen und verstanden werden. Alles andere haben wir Menschen gemeinsam mit Tieren, Pflanzen und Materie. Um also dem menschlichen Wesen identisch zu bleiben ist diese Aufgabe immer neu in die Hand zu nehmen. Geschehe dies nicht, lauert auf den Menschen die Gefahr nicht mehr Selbst zu sein. Aufgrund dieser Erkenntnis ist ein Lebenslauf nicht notwendig, sondern erweisen sich die Spuren, die zum Verstehen f\u00fchren und zu verstehen es gilt als unabdingbar. Spuren aber k\u00f6nnen aktuell oder virtuell sein. So ist der Mensch und er allein.<\/span><\/p>\n<h1><span style=\"font-family: Arial Black, Avant Garde; font-size: 14pt;\"><strong>Meine \u201eSpuren\u201c sind die Folgenden:<\/strong><\/span><\/h1>\n<p><span style=\"font-family: Arial, Helvetica, sans-serif; font-size: 14pt; color: #333333;\">Geboren in Sintu (Demokratischer Republik Kongo) am 18.03.1949 als 3. von 6 Kindern eines Bauernehepaars an der K\u00fcste des atlantischen Ozeans.<\/span><br \/>\n<span style=\"font-family: Arial, Helvetica, sans-serif; font-size: 14pt; color: #333333;\">Grundschule der Missionare von Scheut (Belgien) in verschiedenen D\u00f6rfern, schlie\u00dflich im Internat der Missionsschule in Muanda mit Selbstversorgung. Wer nicht kochen kann, den zwingt die Lage dazu.<\/span><br \/>\n<span style=\"font-family: Arial, Helvetica, sans-serif; font-size: 14pt; color: #333333;\">Knabenseminar \/ Gymnasium (mit Latein und Griechisch) in Mbata-Kiela bis 1969, ca. 200 Km von Muanda entfernt, keine Ferien in den ersten Jahren).<\/span><br \/>\n<span style=\"font-family: Arial, Helvetica, sans-serif; font-size: 14pt; color: #333333;\">Studium am Priesterseminar in Mayidi (ca. 500 Km von Muanda entfernt), am Priesterseminar Jean XXIII in Kinshasa (ca. 900 Km von Muanda entfernt): 6 Jahre Philosophie und Theologie.<\/span><br \/>\n<span style=\"font-family: Arial, Helvetica, sans-serif; font-size: 14pt; color: #333333;\">Unterbrechung des Studiums wegen Famili\u00e4rer Probleme: 2 Jahre.<\/span><br \/>\n<span style=\"font-family: Arial, Helvetica, sans-serif; font-size: 14pt; color: #333333;\">Lizenziat in Philosophie an der Universit\u00e4t von Kinshasa und an der Universit\u00e4t von Lubumbashi (ca. 2000 Km von Muanda entfernt), 1976<\/span><br \/>\n<span style=\"font-family: Arial, Helvetica, sans-serif; font-size: 14pt; color: #333333;\">Priesterweihe am 26.08.1979 in Muanda als erster Priester meines Stammes.<\/span><br \/>\n<span style=\"font-family: Arial, Helvetica, sans-serif; font-size: 14pt; color: #333333;\">Wasserturmprojekt mit Misereor in der Gemeinde Makasamba<\/span><br \/>\n<span style=\"font-family: Arial, Helvetica, sans-serif; font-size: 14pt; color: #333333;\">Dozent am Priesterseminar in Boma und Sekret\u00e4r des Bischofs von Boma: 6 Jahre <\/span><br \/>\n<span style=\"font-family: Arial, Helvetica, sans-serif; font-size: 14pt; color: #333333;\">Dozent an der Hochschule f\u00fcr Chemie und Ern\u00e4hrungswissenschaft in Boma: 5 Jahre<\/span><br \/>\n<span style=\"font-family: Arial, Helvetica, sans-serif; font-size: 14pt; color: #333333;\">Di\u00f6zesanleiter der charismatischen Gemeindeerneuerung (ca. 4 Jahre)<\/span><br \/>\n<span style=\"font-family: Arial, Helvetica, sans-serif; font-size: 14pt; color: #333333;\">Gef\u00e4ngnispfarrer in Boma (ca. 5 Jahre).<\/span><br \/>\n<span style=\"font-family: Arial, Helvetica, sans-serif; font-size: 14pt; color: #333333;\">Von 1986 bis 2001: Doktorat an der Hochschule f\u00fcr Philosophie S.J in M\u00fcnchen, Magister Artium in P\u00e4dagogik (Schwerpunkte P\u00e4dagogik, Psychologie und Kriminologie) und Habilitation in der Ethik (Moralphilosophie, speziell Wertethik) an der Ludwig-Maximilians-Universit\u00e4t M\u00fcnchen.<\/span><br \/>\n<span style=\"font-family: Arial, Helvetica, sans-serif; font-size: 14pt; color: #333333;\">1992-1999: Kaplan in St. Pius f\u00fcr die Finanzierung des eigenen Studiums und der Forschung.<\/span><br \/>\n<span style=\"font-family: Arial, Helvetica, sans-serif; font-size: 14pt; color: #333333;\">Projekt eines Waisenhauses mit dem p\u00e4pstlichen Missionswerk f\u00fcr Kinder in Boma (Waisenhaus Bethlehem) 1988.<\/span><br \/>\n<span style=\"font-family: Arial, Helvetica, sans-serif; font-size: 14pt; color: #333333;\">2001: R\u00fcckkehr nach Kongo<\/span><br \/>\n<span style=\"font-family: Arial, Helvetica, sans-serif; font-size: 14pt; color: #333333;\">2001-2005: arbeitslos im Kongo<\/span><br \/>\n<span style=\"font-family: Arial, Helvetica, sans-serif; font-size: 14pt; color: #333333;\">2005: Augenoperation in M\u00fcnchen und Beginn der Pastorale als Pfarradministrator in der Erzdi\u00f6zese M\u00fcnchen.<\/span><br \/>\n<span style=\"font-family: Arial, Helvetica, sans-serif; font-size: 14pt; color: #333333;\">2007: Versp\u00e4tete Ernennung zum Professor durch das Erziehungsministerium vom Kongo.<\/span><br \/>\n<span style=\"font-family: Arial, Helvetica, sans-serif; font-size: 14pt; color: #333333;\">2012: Anweisung als Pfarrer in St. Martin in Zorneding.<\/span><\/p>\n<p><span style=\"font-family: Arial, Helvetica, sans-serif; font-size: 14pt; color: #333333;\">Aktuell: Wissenschaftlicher Mitarbeiter an der kath. Universit\u00e4t Eichst\u00e4tt \/ Zentrum Fluch und Migration<br \/>\n<\/span><\/p>\n<h1><span style=\"font-family: Arial Black, Avant Garde; font-size: 14pt; color: #000000;\">Meine Vision:<\/span><\/h1>\n<p><span style=\"font-family: Arial, Helvetica, sans-serif; font-size: 14pt; color: #333333;\">eine Pfarrgemeinde auf der Grundlage von Gerechtigkeit, gegenseitigem Respekt und Geschwisterlichkeit nach dem \u201eWort Gottes\u201c in der Bibel; eine Kultur der Diskussion am Beispiel des afrikanischen Palaversystems (\u00fcber alles kann man reden, Gegenseitige Positionen kann man zu einem Konsens bringen, wenn alle ehrlich sind; meine Spiritualit\u00e4t ist auf Christus zentriert, schlie\u00dft aber die anderen nicht aus; meine Vorgehensweise nimmt immer zun\u00e4chst das Wesentliche in Angriff nach der Wertehierarchie und bevorzugt die Qualit\u00e4t vor der Quantit\u00e4t. Lieber weniger reden, genau beobachten und immer klare Stellung nehmen. Alle, ob Klein , Jung, Alt, Familie, Alleinstehend, Arm oder Reich haben Platz in einer Pfarrgemeinde. Wo Menschen sind, entstehen auch Probleme, diese sind mit der Vernunft zu l\u00f6sen, Emotionen lassen eher die Lage explodieren. Darum lieber dar\u00fcber schlafen. Mein Leben ist ein Grund zum t\u00e4glichen Feiern\u2026<\/span><\/p>\n<p><span style=\"font-family: Arial, Helvetica, sans-serif; font-size: 14pt; color: #333333;\">Prof. Dr. phil. habil. MA. P\u00e4dag.<\/span><br \/>\n<span style=\"font-family: Arial, Helvetica, sans-serif; font-size: 14pt; color: #333333;\">Olivier Ndjimbi-Tshiende<\/span><\/p>\n","protected":false},"excerpt":{"rendered":"<p>Biographie Pfr. Olivier Ndjimbi-Tshiende &nbsp; Spuren meines bisherigen Wegs und das Dasein f\u00fcr die Zukunft\u2026 Die schwierigste Aufgabe des Menschen als solchen scheint wohl dies zu sein: Verstehen und verstanden werden. Alles andere haben wir Menschen gemeinsam mit Tieren, Pflanzen und Materie. Um also dem menschlichen Wesen identisch zu bleiben ist diese Aufgabe immer neu &hellip; <\/p>\n<p class=\"mt-4 mb-0 link-more\"><a href=\"https:\/\/afrika-freundeskreis.de\/index.php\/pater-olivier\/\" class=\"more-link py-2 px-3 text-white d-table\"><span class=\"screen-reader-text\">\u201eBiographie Pfr. Olivier Ndjimbi-Tshiende\u201c<\/span> weiterlesen<\/a><\/p>\n","protected":false},"author":1,"featured_media":0,"parent":0,"menu_order":0,"comment_status":"closed","ping_status":"open","template":"","meta":{"ngg_post_thumbnail":0,"footnotes":""},"class_list":["post-65","page","type-page","status-publish","hentry"],"_links":{"self":[{"href":"https:\/\/afrika-freundeskreis.de\/index.php\/wp-json\/wp\/v2\/pages\/65","targetHints":{"allow":["GET"]}}],"collection":[{"href":"https:\/\/afrika-freundeskreis.de\/index.php\/wp-json\/wp\/v2\/pages"}],"about":[{"href":"https:\/\/afrika-freundeskreis.de\/index.php\/wp-json\/wp\/v2\/types\/page"}],"author":[{"embeddable":true,"href":"https:\/\/afrika-freundeskreis.de\/index.php\/wp-json\/wp\/v2\/users\/1"}],"replies":[{"embeddable":true,"href":"https:\/\/afrika-freundeskreis.de\/index.php\/wp-json\/wp\/v2\/comments?post=65"}],"version-history":[{"count":0,"href":"https:\/\/afrika-freundeskreis.de\/index.php\/wp-json\/wp\/v2\/pages\/65\/revisions"}],"wp:attachment":[{"href":"https:\/\/afrika-freundeskreis.de\/index.php\/wp-json\/wp\/v2\/media?parent=65"}],"curies":[{"name":"wp","href":"https:\/\/api.w.org\/{rel}","templated":true}]}}